{"id":21,"date":"2013-03-08T12:34:01","date_gmt":"2013-03-08T12:34:01","guid":{"rendered":"http:\/\/cralasabina.wordpress.com\/?page_id=21"},"modified":"2024-09-19T10:46:46","modified_gmt":"2024-09-19T10:46:46","slug":"farlete","status":"publish","type":"page","link":"https:\/\/www.cralasabina.es\/index.php\/localidades\/farlete\/","title":{"rendered":"Farlete"},"content":{"rendered":"<p style=\"text-align: justify;\">La localidad de Farlete se encuentra en la comarca de Monegros. Est\u00e1 situada a 38 km de Zaragoza y tiene aproximadamente 400 habitantes. La escuela de Farlete es unitaria. Este curso 2024-2025 el colegio tiene 3 alumnos de Educaci\u00f3n Primaria.<\/p>\n<p style=\"text-align: justify;\">Hay 1 tutora especialista en Educaci\u00f3n F\u00edsica. Los especialistas de religi\u00f3n, ingl\u00e9s y m\u00fasica asisten semanalmente a la localidad.<\/p>\n<p style=\"text-align: justify;\">Direcci\u00f3n y datos de contacto:<\/p>\n<p style=\"text-align: justify;\">\u00a0\u00a0 Avda. de la Constituci\u00f3n, 31<\/p>\n<p style=\"text-align: justify;\">\u00a0\u00a0 50163 Farlete<\/p>\n<p style=\"text-align: justify;\">\u00a0\u00a0 Tel\u00e9fono: 976163264<\/p>\n<figure id=\"80\" aria-describedby=\"caption-80\" style=\"width: 300px\" class=\"wp-caption aligncenter\"><a href=\"http:\/\/cralasabina.files.wordpress.com\/2013\/03\/farlete.jpg\"><img decoding=\"async\" loading=\"lazy\" class=\"wp-image-80 size-medium\" src=\"http:\/\/cralasabina.files.wordpress.com\/2013\/03\/farlete.jpg?w=300&#038;resize=300%2C225\" alt=\"Farlete\" width=\"300\" height=\"225\" data-recalc-dims=\"1\" \/><\/a><figcaption id=\"caption-80\" class=\"wp-caption-text\">Colegio de Farlete<\/figcaption><\/figure>\n<p style=\"text-align: justify;\"><a href=\"http:\/\/cralasabina.files.wordpress.com\/2013\/03\/aula-farlete.jpg\"><img decoding=\"async\" loading=\"lazy\" class=\"aligncenter size-medium wp-image-134\" src=\"http:\/\/cralasabina.files.wordpress.com\/2013\/03\/aula-farlete.jpg?w=300&#038;resize=300%2C225\" alt=\"AULA FARLETE\" width=\"300\" height=\"225\" data-recalc-dims=\"1\" \/><\/a><\/p>\n<p style=\"text-align: justify;\"><a href=\"http:\/\/cralasabina.files.wordpress.com\/2013\/03\/musica-e-ingles-farlete.jpg\"><img decoding=\"async\" loading=\"lazy\" class=\"aligncenter size-medium wp-image-135\" src=\"http:\/\/cralasabina.files.wordpress.com\/2013\/03\/musica-e-ingles-farlete.jpg?w=300&#038;resize=300%2C225\" alt=\"MUSICA E INGLES FARLETE\" width=\"300\" height=\"225\" data-recalc-dims=\"1\" \/><\/a><\/p>\n<p style=\"text-align: justify;\"><a href=\"http:\/\/cralasabina.files.wordpress.com\/2013\/03\/usos-multiples-farlete.jpg\"><img decoding=\"async\" loading=\"lazy\" class=\"aligncenter size-medium wp-image-136\" src=\"http:\/\/cralasabina.files.wordpress.com\/2013\/03\/usos-multiples-farlete.jpg?w=300&#038;resize=300%2C225\" alt=\"USOS MULTIPLES FARLETE\" width=\"300\" height=\"225\" data-recalc-dims=\"1\" \/><\/a><\/p>\n<p><strong>C\u00d3MO LLEGAR<\/strong><\/p>\n<p>[googlemaps https:\/\/maps.google.es\/maps?f=d&amp;source=s_d&amp;saddr=Zaragoza&amp;daddr=FARLETE&amp;geocode=FZeCewIdE23y_ymRjmFe3RRZDTGoiYQV8RPfSQ%3BFcsAfAIdYT_4_ynxM2KSH-RYDTElL6fmrzfSsw&amp;aq=&amp;sll=41.603395,-0.747123&amp;sspn=0.225401,0.401688&amp;hl=es&amp;mra=ls&amp;ie=UTF8&amp;t=m&amp;ll=41.682143,-0.716858&amp;spn=0.179486,0.377655&amp;z=11&amp;output=embed&amp;w=550&amp;h=350]<\/p>\n\n<div class=\"twitter-share\"><a href=\"https:\/\/twitter.com\/intent\/tweet?via=cralasabina\" class=\"twitter-share-button\">Twittear<\/a><\/div>\n","protected":false},"excerpt":{"rendered":"<p>La localidad de Farlete se encuentra en la comarca de Monegros. Est\u00e1 situada a 38 km de Zaragoza y tiene aproximadamente 400 habitantes. La escuela de Farlete es unitaria. Este curso 2024-2025 el colegio tiene 3 alumnos de Educaci\u00f3n Primaria. Hay 1 tutora especialista en Educaci\u00f3n F\u00edsica. Los especialistas de religi\u00f3n, ingl\u00e9s y m\u00fasica asisten&hellip; <a href=\"https:\/\/www.cralasabina.es\/index.php\/localidades\/farlete\/\" class=\"more-link\">Sigue leyendo <span class=\"screen-reader-text\">Farlete<\/span><\/a><\/p>\n","protected":false},"author":1,"featured_media":0,"parent":18,"menu_order":0,"comment_status":"closed","ping_status":"closed","template":"","meta":[],"tags":[],"_links":{"self":[{"href":"https:\/\/www.cralasabina.es\/index.php\/wp-json\/wp\/v2\/pages\/21"}],"collection":[{"href":"https:\/\/www.cralasabina.es\/index.php\/wp-json\/wp\/v2\/pages"}],"about":[{"href":"https:\/\/www.cralasabina.es\/index.php\/wp-json\/wp\/v2\/types\/page"}],"author":[{"embeddable":true,"href":"https:\/\/www.cralasabina.es\/index.php\/wp-json\/wp\/v2\/users\/1"}],"replies":[{"embeddable":true,"href":"https:\/\/www.cralasabina.es\/index.php\/wp-json\/wp\/v2\/comments?post=21"}],"version-history":[{"count":2,"href":"https:\/\/www.cralasabina.es\/index.php\/wp-json\/wp\/v2\/pages\/21\/revisions"}],"predecessor-version":[{"id":6309,"href":"https:\/\/www.cralasabina.es\/index.php\/wp-json\/wp\/v2\/pages\/21\/revisions\/6309"}],"up":[{"embeddable":true,"href":"https:\/\/www.cralasabina.es\/index.php\/wp-json\/wp\/v2\/pages\/18"}],"wp:attachment":[{"href":"https:\/\/www.cralasabina.es\/index.php\/wp-json\/wp\/v2\/media?parent=21"}],"wp:term":[{"taxonomy":"post_tag","embeddable":true,"href":"https:\/\/www.cralasabina.es\/index.php\/wp-json\/wp\/v2\/tags?post=21"}],"curies":[{"name":"wp","href":"https:\/\/api.w.org\/{rel}","templated":true}]}}