{"id":23,"date":"2013-03-08T12:36:49","date_gmt":"2013-03-08T12:36:49","guid":{"rendered":"http:\/\/cralasabina.wordpress.com\/?page_id=23"},"modified":"2025-06-30T09:41:27","modified_gmt":"2025-06-30T09:41:27","slug":"monegrillo","status":"publish","type":"page","link":"https:\/\/www.cralasabina.es\/index.php\/localidades\/monegrillo\/","title":{"rendered":"Monegrillo"},"content":{"rendered":"<p style=\"text-align: justify;\">Monegrillo es una localidad situada en la comarca de Monegros. A 45 Km de la capital, cuenta con una poblaci\u00f3n de aproximadamente 500 habitantes. La escuela de Monegrillo tiene actualmente dos unidades: una de Infantil y otra de Primaria. Este curso 2024-2025 hay\u00a0 7 alumnos\/as (2 de Educaci\u00f3n Infantil y 5 de Educaci\u00f3n Primaria).<\/p>\n<p style=\"text-align: justify;\">Hay 1 tutor con la especialidad de Educaci\u00f3n F\u00edsica. Los especialistas de ingl\u00e9s, religi\u00f3n y m\u00fasica asisten semanalmente a la localidad.<\/p>\n<p style=\"text-align: center;\"><a href=\"http:\/\/cralasabina.files.wordpress.com\/2013\/03\/img_20140115_112001.jpg\"><img decoding=\"async\" loading=\"lazy\" class=\"alignnone size-medium wp-image-584\" src=\"http:\/\/cralasabina.files.wordpress.com\/2013\/03\/img_20140115_112001.jpg?w=300&#038;resize=300%2C225\" alt=\"IMG_20140115_112001\" width=\"300\" height=\"225\" data-recalc-dims=\"1\" \/><\/a><\/p>\n<p style=\"text-align: left;\"><strong>C\u00d3MO LLEGAR<\/strong><\/p>\n<p style=\"text-align: left;\">[googlemaps https:\/\/maps.google.es\/maps?f=d&amp;source=s_d&amp;saddr=ZARAGOZA&amp;daddr=41.6934039,-0.7587507+to:Monegrillo&amp;hl=es&amp;geocode=FZeCewIdE23y_ymRjmFe3RRZDTGoiYQV8RPfSQ%3BFdswfAIdImz0_ym9Ezn2oxBZDTEo5gk8tmup7w%3BFfxiewId4qj5_ylX7zLAVehYDTHpiOXLx3sJSg&amp;aq=0&amp;oq=MONEGRILLO&amp;sll=41.385637,-0.701182&amp;sspn=3.618252,6.427002&amp;mra=ls&amp;ie=UTF8&amp;t=m&amp;via=1&amp;ll=41.697013,-0.666046&amp;spn=0.179445,0.377655&amp;z=11&amp;output=embed&amp;w=550&amp;h=350]<\/p>\n\n<div class=\"twitter-share\"><a href=\"https:\/\/twitter.com\/intent\/tweet?via=cralasabina\" class=\"twitter-share-button\">Twittear<\/a><\/div>\n","protected":false},"excerpt":{"rendered":"<p>Monegrillo es una localidad situada en la comarca de Monegros. A 45 Km de la capital, cuenta con una poblaci\u00f3n de aproximadamente 500 habitantes. La escuela de Monegrillo tiene actualmente dos unidades: una de Infantil y otra de Primaria. Este curso 2024-2025 hay\u00a0 7 alumnos\/as (2 de Educaci\u00f3n Infantil y 5 de Educaci\u00f3n Primaria). Hay&hellip; <a href=\"https:\/\/www.cralasabina.es\/index.php\/localidades\/monegrillo\/\" class=\"more-link\">Sigue leyendo <span class=\"screen-reader-text\">Monegrillo<\/span><\/a><\/p>\n","protected":false},"author":1,"featured_media":0,"parent":18,"menu_order":0,"comment_status":"closed","ping_status":"closed","template":"","meta":[],"tags":[],"_links":{"self":[{"href":"https:\/\/www.cralasabina.es\/index.php\/wp-json\/wp\/v2\/pages\/23"}],"collection":[{"href":"https:\/\/www.cralasabina.es\/index.php\/wp-json\/wp\/v2\/pages"}],"about":[{"href":"https:\/\/www.cralasabina.es\/index.php\/wp-json\/wp\/v2\/types\/page"}],"author":[{"embeddable":true,"href":"https:\/\/www.cralasabina.es\/index.php\/wp-json\/wp\/v2\/users\/1"}],"replies":[{"embeddable":true,"href":"https:\/\/www.cralasabina.es\/index.php\/wp-json\/wp\/v2\/comments?post=23"}],"version-history":[{"count":3,"href":"https:\/\/www.cralasabina.es\/index.php\/wp-json\/wp\/v2\/pages\/23\/revisions"}],"predecessor-version":[{"id":7041,"href":"https:\/\/www.cralasabina.es\/index.php\/wp-json\/wp\/v2\/pages\/23\/revisions\/7041"}],"up":[{"embeddable":true,"href":"https:\/\/www.cralasabina.es\/index.php\/wp-json\/wp\/v2\/pages\/18"}],"wp:attachment":[{"href":"https:\/\/www.cralasabina.es\/index.php\/wp-json\/wp\/v2\/media?parent=23"}],"wp:term":[{"taxonomy":"post_tag","embeddable":true,"href":"https:\/\/www.cralasabina.es\/index.php\/wp-json\/wp\/v2\/tags?post=23"}],"curies":[{"name":"wp","href":"https:\/\/api.w.org\/{rel}","templated":true}]}}