{"id":25,"date":"2013-03-08T12:37:15","date_gmt":"2013-03-08T12:37:15","guid":{"rendered":"http:\/\/cralasabina.wordpress.com\/?page_id=25"},"modified":"2025-06-30T09:42:00","modified_gmt":"2025-06-30T09:42:00","slug":"osera-de-ebro","status":"publish","type":"page","link":"https:\/\/www.cralasabina.es\/index.php\/localidades\/osera-de-ebro\/","title":{"rendered":"Osera de Ebro"},"content":{"rendered":"<p style=\"text-align: justify;\">La localidad de Osera se encuentra situada en la comarca de Zaragoza y a 30 km de la capital. Actualmente cuenta con aproximadamente 360 habitantes.<\/p>\n<p style=\"text-align: justify;\">La escuela de Osera durante el curso 2025-2026 asisten 14 alumnos\/as de Primaria<\/p>\n<p style=\"text-align: justify;\">Hay 2 tutores, maestra de Infantil y maestro con la especialidad de ingl\u00e9s. Los especialistas de educaci\u00f3n f\u00edsica, religi\u00f3n y m\u00fasica asisten semanalmente a la localidad.<\/p>\n<figure id=\"114\" aria-describedby=\"caption-114\" style=\"width: 300px\" class=\"wp-caption aligncenter\"><a href=\"http:\/\/cralasabina.files.wordpress.com\/2013\/04\/osera-de-ebro.jpg\"><img decoding=\"async\" loading=\"lazy\" class=\"wp-image-114 size-medium\" src=\"http:\/\/cralasabina.files.wordpress.com\/2013\/04\/osera-de-ebro.jpg?w=300&#038;resize=300%2C225\" alt=\"Osera de Ebro\" width=\"300\" height=\"225\" data-recalc-dims=\"1\" \/><\/a><figcaption id=\"caption-114\" class=\"wp-caption-text\">Colegio de Osera de Ebro<\/figcaption><\/figure>\n<figure id=\"145\" aria-describedby=\"caption-145\" style=\"width: 300px\" class=\"wp-caption aligncenter\"><a href=\"http:\/\/cralasabina.files.wordpress.com\/2013\/03\/aula-osera.jpeg\"><img decoding=\"async\" loading=\"lazy\" class=\"wp-image-145 size-medium\" src=\"http:\/\/cralasabina.files.wordpress.com\/2013\/03\/aula-osera.jpeg?w=300&#038;resize=300%2C225\" alt=\"aula osera\" width=\"300\" height=\"225\" data-recalc-dims=\"1\" \/><\/a><figcaption id=\"caption-145\" class=\"wp-caption-text\">Aula de Infantil<\/figcaption><\/figure>\n<figure id=\"146\" aria-describedby=\"caption-146\" style=\"width: 300px\" class=\"wp-caption aligncenter\"><a href=\"http:\/\/cralasabina.files.wordpress.com\/2013\/03\/musica-e-ingles-osera.jpeg\"><img decoding=\"async\" loading=\"lazy\" class=\"wp-image-146 size-medium\" src=\"http:\/\/cralasabina.files.wordpress.com\/2013\/03\/musica-e-ingles-osera.jpeg?w=300&#038;resize=300%2C225\" alt=\"musica e ingles osera\" width=\"300\" height=\"225\" data-recalc-dims=\"1\" \/><\/a><figcaption id=\"caption-146\" class=\"wp-caption-text\">Aula de Primaria y biblioteca<\/figcaption><\/figure>\n<p><strong>C\u00d3MO LLEGAR<\/strong><\/p>\n<p>[googlemaps https:\/\/maps.google.es\/maps?f=d&amp;source=s_d&amp;saddr=Zaragoza&amp;daddr=OSERA+DE+EBRO&amp;geocode=FZeCewIdE23y_ymRjmFe3RRZDTGoiYQV8RPfSQ%3BFYmeeQId7FP3_ynhKamtPN9YDTEAwM8IZYwBBA&amp;aq=&amp;sll=41.603395,-0.747123&amp;sspn=0.225401,0.401688&amp;hl=es&amp;mra=ls&amp;ie=UTF8&amp;t=m&amp;ll=41.603634,-0.74707&amp;spn=0.179705,0.377655&amp;z=11&amp;output=embed&amp;w=550&amp;h=350]<\/p>\n\n<div class=\"twitter-share\"><a href=\"https:\/\/twitter.com\/intent\/tweet?via=cralasabina\" class=\"twitter-share-button\">Twittear<\/a><\/div>\n","protected":false},"excerpt":{"rendered":"<p>La localidad de Osera se encuentra situada en la comarca de Zaragoza y a 30 km de la capital. Actualmente cuenta con aproximadamente 360 habitantes. La escuela de Osera durante el curso 2025-2026 asisten 14 alumnos\/as de Primaria Hay 2 tutores, maestra de Infantil y maestro con la especialidad de ingl\u00e9s. Los especialistas de educaci\u00f3n&hellip; <a href=\"https:\/\/www.cralasabina.es\/index.php\/localidades\/osera-de-ebro\/\" class=\"more-link\">Sigue leyendo <span class=\"screen-reader-text\">Osera de Ebro<\/span><\/a><\/p>\n","protected":false},"author":1,"featured_media":0,"parent":18,"menu_order":0,"comment_status":"closed","ping_status":"closed","template":"","meta":[],"tags":[],"_links":{"self":[{"href":"https:\/\/www.cralasabina.es\/index.php\/wp-json\/wp\/v2\/pages\/25"}],"collection":[{"href":"https:\/\/www.cralasabina.es\/index.php\/wp-json\/wp\/v2\/pages"}],"about":[{"href":"https:\/\/www.cralasabina.es\/index.php\/wp-json\/wp\/v2\/types\/page"}],"author":[{"embeddable":true,"href":"https:\/\/www.cralasabina.es\/index.php\/wp-json\/wp\/v2\/users\/1"}],"replies":[{"embeddable":true,"href":"https:\/\/www.cralasabina.es\/index.php\/wp-json\/wp\/v2\/comments?post=25"}],"version-history":[{"count":3,"href":"https:\/\/www.cralasabina.es\/index.php\/wp-json\/wp\/v2\/pages\/25\/revisions"}],"predecessor-version":[{"id":7042,"href":"https:\/\/www.cralasabina.es\/index.php\/wp-json\/wp\/v2\/pages\/25\/revisions\/7042"}],"up":[{"embeddable":true,"href":"https:\/\/www.cralasabina.es\/index.php\/wp-json\/wp\/v2\/pages\/18"}],"wp:attachment":[{"href":"https:\/\/www.cralasabina.es\/index.php\/wp-json\/wp\/v2\/media?parent=25"}],"wp:term":[{"taxonomy":"post_tag","embeddable":true,"href":"https:\/\/www.cralasabina.es\/index.php\/wp-json\/wp\/v2\/tags?post=25"}],"curies":[{"name":"wp","href":"https:\/\/api.w.org\/{rel}","templated":true}]}}