{"id":28,"date":"2013-03-08T12:37:42","date_gmt":"2013-03-08T12:37:42","guid":{"rendered":"http:\/\/cralasabina.wordpress.com\/?page_id=28"},"modified":"2025-06-30T09:40:41","modified_gmt":"2025-06-30T09:40:41","slug":"villafranca-de-ebro","status":"publish","type":"page","link":"https:\/\/www.cralasabina.es\/index.php\/localidades\/villafranca-de-ebro\/","title":{"rendered":"Villafranca de Ebro"},"content":{"rendered":"<p style=\"text-align: justify;\">La sede del CRA se encuentra situada en la comarca de Zaragoza, a unos 23 km de la capital. Tiene aproximadamente unos 820 habitantes.<\/p>\n<p style=\"text-align: justify;\">Actualmente la escuela de Villafranca tiene<strong> 40 alumnos\/as<\/strong> distribuidos en 3 unidades:<\/p>\n<p style=\"text-align: justify;\">-1 unidad de <strong>1\u00ba, 2\u00ba y 3\u00ba de Educaci\u00f3n Infantil. <\/strong>(19 alumnos\/as).<\/p>\n<p style=\"text-align: justify;\">&#8211; Unidad de <strong>1\u00ba a 3\u00ba de Primaria<\/strong> (13 alumnos\/as).<\/p>\n<p style=\"text-align: justify;\">&#8211; Unidad de<strong> 4\u00ba a 6\u00ba de Primaria<\/strong> (8 alumnos\/as).<\/p>\n<p style=\"text-align: justify;\">Este curso 2025-2026 hay 3 tutores\/as: maestro de Educaci\u00f3n Infantil, especialista en Ingl\u00e9s como tutora de 1\u00ba a 3\u00ba de Primaria,\u00a0 tutora de 4\u00ba a 6\u00ba que a su vez es la especialista de M\u00fasica. Los especialistas de Ingl\u00e9s, E.F. y Religi\u00f3n asisten semanalmente a la localidad.<\/p>\n<p style=\"text-align: justify;\">Cuenta con servicio de comedor escolar, madrugadores y guarder\u00eda del Ayuntamiento en el propio recinto.<\/p>\n<p>Direcci\u00f3n y datos de contacto:<\/p>\n<p>Avda. de \u00a0Zaragoza, 23<\/p>\n<p>50174 Villafranca de Ebro.<\/p>\n<p>Tel\u00e9fono: 976167183<\/p>\n<p style=\"text-align: justify;\"><a href=\"http:\/\/cralasabina.files.wordpress.com\/2013\/03\/1c2ba-y-2c2ba-inf-villafranca.jpeg\"><img decoding=\"async\" loading=\"lazy\" class=\"aligncenter size-medium wp-image-201\" src=\"http:\/\/cralasabina.files.wordpress.com\/2013\/03\/1c2ba-y-2c2ba-inf-villafranca.jpeg?w=300&#038;resize=300%2C225\" alt=\"OLYMPUS DIGITAL CAMERA\" width=\"300\" height=\"225\" data-recalc-dims=\"1\" \/><\/a><\/p>\n<p style=\"text-align: justify;\"><a href=\"http:\/\/cralasabina.files.wordpress.com\/2013\/03\/3c2ba-infantil-villafranca.jpeg\"><img decoding=\"async\" loading=\"lazy\" class=\"aligncenter size-medium wp-image-202\" src=\"http:\/\/cralasabina.files.wordpress.com\/2013\/03\/3c2ba-infantil-villafranca.jpeg?w=300&#038;resize=300%2C225\" alt=\"OLYMPUS DIGITAL CAMERA\" width=\"300\" height=\"225\" data-recalc-dims=\"1\" \/><\/a><\/p>\n<p style=\"text-align: justify;\"><strong>C\u00d3MO LLEGAR<\/strong><\/p>\n<p style=\"text-align: justify;\">[googlemaps https:\/\/maps.google.es\/maps?f=d&amp;source=s_d&amp;saddr=Zaragoza&amp;daddr=VILLAFRANCA+DE+EBRO&amp;geocode=FZeCewIdE23y_ymRjmFe3RRZDTGoiYQV8RPfSQ%3BFQ9OegIdcUH3_yltqT6Ji99YDTFQxc8IZYwBBA&amp;aq=&amp;sll=41.638539,-0.802002&amp;sspn=0.225279,0.401688&amp;hl=es&amp;mra=ls&amp;ie=UTF8&amp;t=m&amp;ll=41.622116,-0.77179&amp;spn=0.179654,0.377655&amp;z=11&amp;output=embed&amp;w=550&amp;h=350]<\/p>\n\n<div class=\"twitter-share\"><a href=\"https:\/\/twitter.com\/intent\/tweet?via=cralasabina\" class=\"twitter-share-button\">Twittear<\/a><\/div>\n","protected":false},"excerpt":{"rendered":"<p>La sede del CRA se encuentra situada en la comarca de Zaragoza, a unos 23 km de la capital. Tiene aproximadamente unos 820 habitantes. Actualmente la escuela de Villafranca tiene 40 alumnos\/as distribuidos en 3 unidades: -1 unidad de 1\u00ba, 2\u00ba y 3\u00ba de Educaci\u00f3n Infantil. (19 alumnos\/as). &#8211; Unidad de 1\u00ba a 3\u00ba de&hellip; <a href=\"https:\/\/www.cralasabina.es\/index.php\/localidades\/villafranca-de-ebro\/\" class=\"more-link\">Sigue leyendo <span class=\"screen-reader-text\">Villafranca de Ebro<\/span><\/a><\/p>\n","protected":false},"author":1,"featured_media":0,"parent":18,"menu_order":0,"comment_status":"closed","ping_status":"closed","template":"","meta":[],"tags":[],"_links":{"self":[{"href":"https:\/\/www.cralasabina.es\/index.php\/wp-json\/wp\/v2\/pages\/28"}],"collection":[{"href":"https:\/\/www.cralasabina.es\/index.php\/wp-json\/wp\/v2\/pages"}],"about":[{"href":"https:\/\/www.cralasabina.es\/index.php\/wp-json\/wp\/v2\/types\/page"}],"author":[{"embeddable":true,"href":"https:\/\/www.cralasabina.es\/index.php\/wp-json\/wp\/v2\/users\/1"}],"replies":[{"embeddable":true,"href":"https:\/\/www.cralasabina.es\/index.php\/wp-json\/wp\/v2\/comments?post=28"}],"version-history":[{"count":5,"href":"https:\/\/www.cralasabina.es\/index.php\/wp-json\/wp\/v2\/pages\/28\/revisions"}],"predecessor-version":[{"id":7040,"href":"https:\/\/www.cralasabina.es\/index.php\/wp-json\/wp\/v2\/pages\/28\/revisions\/7040"}],"up":[{"embeddable":true,"href":"https:\/\/www.cralasabina.es\/index.php\/wp-json\/wp\/v2\/pages\/18"}],"wp:attachment":[{"href":"https:\/\/www.cralasabina.es\/index.php\/wp-json\/wp\/v2\/media?parent=28"}],"wp:term":[{"taxonomy":"post_tag","embeddable":true,"href":"https:\/\/www.cralasabina.es\/index.php\/wp-json\/wp\/v2\/tags?post=28"}],"curies":[{"name":"wp","href":"https:\/\/api.w.org\/{rel}","templated":true}]}}