{"id":30,"date":"2013-03-08T12:38:23","date_gmt":"2013-03-08T12:38:23","guid":{"rendered":"http:\/\/cralasabina.wordpress.com\/?page_id=30"},"modified":"2025-06-30T09:40:09","modified_gmt":"2025-06-30T09:40:09","slug":"nuez-de-ebro","status":"publish","type":"page","link":"https:\/\/www.cralasabina.es\/index.php\/localidades\/nuez-de-ebro\/","title":{"rendered":"Nuez de Ebro"},"content":{"rendered":"<p style=\"text-align: justify;\">El municipio de Nuez de Ebro se encuentra situado en la comarca de Zaragoza, a 20 Km de la capital. Cuenta con m\u00e1s de 800 habitantes. Actualmente, la escuela de Nuez, tiene 70 alumnos\/as distribuidos en 5 unidades:<\/p>\n<p style=\"text-align: justify;\">&#8211;<strong>2<\/strong> unidades de <strong>Educaci\u00f3n<\/strong> <strong>Infantil<\/strong>:<\/p>\n<p style=\"text-align: justify;\">\u00a0\u00a0\u00a0\u00a0 1\u00ba de Infantil (8 alumnos\/as).<\/p>\n<p style=\"text-align: justify;\">\u00a0 \u00a0 \u00a02\u00ba y 3\u00ba de Infantil (14 alumnos\/as).<\/p>\n<p style=\"text-align: justify;\">&#8211;<strong>3<\/strong> unidades de<strong> Educaci\u00f3n Primaria<\/strong>:<\/p>\n<p style=\"text-align: justify;\">\u00a0\u00a0\u00a0\u00a0 1\u00ba y 2\u00ba de Primaria (13 alumnos\/as).<\/p>\n<p style=\"text-align: justify;\">\u00a0\u00a0\u00a0\u00a0 3\u00ba y 4\u00ba de Primaria (15 alumnos\/as).<\/p>\n<p style=\"text-align: justify;\">\u00a0\u00a0\u00a0\u00a0 5\u00ba y 6\u00ba de Primaria (20 alumnos\/as).<\/p>\n<p style=\"text-align: justify;\">Hay 5 tutores en el colegio: 2 maestras de Educaci\u00f3n Infantil, tutora de 1\u00ba y 2\u00ba de Primaria que a su vez maestra especialista de Ingl\u00e9s, el tutor de 3\u00ba y 4\u00ba de Primaria que es especialista en Educaci\u00f3n F\u00edsica y la tutora de\u00a0 5\u00ba y 6\u00ba especialista de Ingl\u00e9s. Los especialistas de M\u00fasica, Educaci\u00f3n F\u00edsica y de Religi\u00f3n asiste semanalmente a la localidad.<\/p>\n<p>Cuenta con servicio de comedor escolar.<\/p>\n<p>Direcci\u00f3n y datos de contacto:<\/p>\n<p>Calle Arrabal S\/N<\/p>\n<p>50173 Nuez de Ebro<\/p>\n<p>Tel\u00e9fono: 976102012<\/p>\n<figure id=\"150\" aria-describedby=\"caption-150\" style=\"width: 300px\" class=\"wp-caption aligncenter\"><a href=\"http:\/\/cralasabina.files.wordpress.com\/2013\/03\/edificio-1.jpg\"><img decoding=\"async\" loading=\"lazy\" class=\"wp-image-150 size-medium\" src=\"http:\/\/cralasabina.files.wordpress.com\/2013\/03\/edificio-1.jpg?w=300&#038;resize=300%2C225\" alt=\"edificio 1\" width=\"300\" height=\"225\" data-recalc-dims=\"1\" \/><\/a><figcaption id=\"caption-150\" class=\"wp-caption-text\">Entrada al colegio de Nuez de Ebro<\/figcaption><\/figure>\n<figure id=\"149\" aria-describedby=\"caption-149\" style=\"width: 300px\" class=\"wp-caption aligncenter\"><a href=\"http:\/\/cralasabina.files.wordpress.com\/2013\/03\/edificio-2.jpg\"><img decoding=\"async\" loading=\"lazy\" class=\"wp-image-149 size-medium\" src=\"http:\/\/cralasabina.files.wordpress.com\/2013\/03\/edificio-2.jpg?w=300&#038;resize=300%2C225\" alt=\"edificio 2\" width=\"300\" height=\"225\" data-recalc-dims=\"1\" \/><\/a><figcaption id=\"caption-149\" class=\"wp-caption-text\">Patio<\/figcaption><\/figure>\n<figure id=\"151\" aria-describedby=\"caption-151\" style=\"width: 300px\" class=\"wp-caption aligncenter\"><a href=\"http:\/\/cralasabina.files.wordpress.com\/2013\/03\/infantil-3-y-4.jpg\"><img decoding=\"async\" loading=\"lazy\" class=\"wp-image-151 size-medium\" src=\"http:\/\/cralasabina.files.wordpress.com\/2013\/03\/infantil-3-y-4.jpg?w=300&#038;resize=300%2C225\" alt=\"infantil 3 y 4\" width=\"300\" height=\"225\" data-recalc-dims=\"1\" \/><\/a><figcaption id=\"caption-151\" class=\"wp-caption-text\">Aula de 1\u00ba y 2\u00ba de Infantil<\/figcaption><\/figure>\n<figure id=\"155\" aria-describedby=\"caption-155\" style=\"width: 300px\" class=\"wp-caption aligncenter\"><a href=\"http:\/\/cralasabina.files.wordpress.com\/2013\/03\/5-y-1c2ba-de-primaira.jpg\"><img decoding=\"async\" loading=\"lazy\" class=\"wp-image-155 size-medium\" src=\"http:\/\/cralasabina.files.wordpress.com\/2013\/03\/5-y-1c2ba-de-primaira.jpg?w=300&#038;resize=300%2C225\" alt=\"5 y 1\u00ba de primaira\" width=\"300\" height=\"225\" data-recalc-dims=\"1\" \/><\/a><figcaption id=\"caption-155\" class=\"wp-caption-text\">Aula 3\u00ba Educaci\u00f3n Infantil<\/figcaption><\/figure>\n<figure id=\"153\" aria-describedby=\"caption-153\" style=\"width: 300px\" class=\"wp-caption aligncenter\"><a href=\"http:\/\/cralasabina.files.wordpress.com\/2013\/03\/2c2ba-de-primaria.jpg\"><img decoding=\"async\" loading=\"lazy\" class=\"wp-image-153 size-medium\" src=\"http:\/\/cralasabina.files.wordpress.com\/2013\/03\/2c2ba-de-primaria.jpg?w=300&#038;resize=300%2C225\" alt=\"2\u00ba de primaria\" width=\"300\" height=\"225\" data-recalc-dims=\"1\" \/><\/a><figcaption id=\"caption-153\" class=\"wp-caption-text\">Aula 1\u00ba y 2\u00ba Educaci\u00f3n Primaria<\/figcaption><\/figure>\n<figure id=\"152\" aria-describedby=\"caption-152\" style=\"width: 300px\" class=\"wp-caption aligncenter\"><a href=\"http:\/\/cralasabina.files.wordpress.com\/2013\/03\/2c2ba-ciclo.jpg\"><img decoding=\"async\" loading=\"lazy\" class=\"wp-image-152 size-medium\" src=\"http:\/\/cralasabina.files.wordpress.com\/2013\/03\/2c2ba-ciclo.jpg?w=300&#038;resize=300%2C225\" alt=\"2\u00ba ciclo\" width=\"300\" height=\"225\" data-recalc-dims=\"1\" \/><\/a><figcaption id=\"caption-152\" class=\"wp-caption-text\">Aula 3\u00ba y 4\u00ba de Educaci\u00f3n Primaria<\/figcaption><\/figure>\n<figure id=\"154\" aria-describedby=\"caption-154\" style=\"width: 300px\" class=\"wp-caption aligncenter\"><a href=\"http:\/\/cralasabina.files.wordpress.com\/2013\/03\/3c2ba-ciclo.jpg\"><img decoding=\"async\" loading=\"lazy\" class=\"wp-image-154 size-medium\" src=\"http:\/\/cralasabina.files.wordpress.com\/2013\/03\/3c2ba-ciclo.jpg?w=300&#038;resize=300%2C225\" alt=\"3\u00ba ciclo\" width=\"300\" height=\"225\" data-recalc-dims=\"1\" \/><\/a><figcaption id=\"caption-154\" class=\"wp-caption-text\">Aula 5\u00ba y 6\u00ba de Educaci\u00f3n Primaria<\/figcaption><\/figure>\n<p><strong>C\u00d3MO LLEGAR<\/strong><\/p>\n<p>[googlemaps https:\/\/maps.google.es\/maps?f=d&amp;source=s_d&amp;saddr=Zaragoza&amp;daddr=NUEZ+DE+EBRO&amp;geocode=FZeCewIdE23y_ymRjmFe3RRZDTGoiYQV8RPfSQ%3BFd60egId9pz1_ymjN-hr-SFZDTEsroY0i_ASoQ&amp;aq=&amp;sll=41.650341,-0.579872&amp;sspn=0.112619,0.200844&amp;hl=es&amp;mra=ls&amp;ie=UTF8&amp;t=m&amp;ll=41.638539,-0.802002&amp;spn=0.089804,0.188828&amp;z=12&amp;output=embed&amp;w=550&amp;h=350]<\/p>\n\n<div class=\"twitter-share\"><a href=\"https:\/\/twitter.com\/intent\/tweet?via=cralasabina\" class=\"twitter-share-button\">Twittear<\/a><\/div>\n","protected":false},"excerpt":{"rendered":"<p>El municipio de Nuez de Ebro se encuentra situado en la comarca de Zaragoza, a 20 Km de la capital. Cuenta con m\u00e1s de 800 habitantes. Actualmente, la escuela de Nuez, tiene 70 alumnos\/as distribuidos en 5 unidades: &#8211;2 unidades de Educaci\u00f3n Infantil: \u00a0\u00a0\u00a0\u00a0 1\u00ba de Infantil (8 alumnos\/as). \u00a0 \u00a0 \u00a02\u00ba y 3\u00ba de&hellip; <a href=\"https:\/\/www.cralasabina.es\/index.php\/localidades\/nuez-de-ebro\/\" class=\"more-link\">Sigue leyendo <span class=\"screen-reader-text\">Nuez de Ebro<\/span><\/a><\/p>\n","protected":false},"author":1,"featured_media":0,"parent":18,"menu_order":0,"comment_status":"closed","ping_status":"closed","template":"","meta":[],"tags":[],"_links":{"self":[{"href":"https:\/\/www.cralasabina.es\/index.php\/wp-json\/wp\/v2\/pages\/30"}],"collection":[{"href":"https:\/\/www.cralasabina.es\/index.php\/wp-json\/wp\/v2\/pages"}],"about":[{"href":"https:\/\/www.cralasabina.es\/index.php\/wp-json\/wp\/v2\/types\/page"}],"author":[{"embeddable":true,"href":"https:\/\/www.cralasabina.es\/index.php\/wp-json\/wp\/v2\/users\/1"}],"replies":[{"embeddable":true,"href":"https:\/\/www.cralasabina.es\/index.php\/wp-json\/wp\/v2\/comments?post=30"}],"version-history":[{"count":3,"href":"https:\/\/www.cralasabina.es\/index.php\/wp-json\/wp\/v2\/pages\/30\/revisions"}],"predecessor-version":[{"id":7039,"href":"https:\/\/www.cralasabina.es\/index.php\/wp-json\/wp\/v2\/pages\/30\/revisions\/7039"}],"up":[{"embeddable":true,"href":"https:\/\/www.cralasabina.es\/index.php\/wp-json\/wp\/v2\/pages\/18"}],"wp:attachment":[{"href":"https:\/\/www.cralasabina.es\/index.php\/wp-json\/wp\/v2\/media?parent=30"}],"wp:term":[{"taxonomy":"post_tag","embeddable":true,"href":"https:\/\/www.cralasabina.es\/index.php\/wp-json\/wp\/v2\/tags?post=30"}],"curies":[{"name":"wp","href":"https:\/\/api.w.org\/{rel}","templated":true}]}}