{"id":3201,"date":"2017-04-05T14:01:16","date_gmt":"2017-04-05T12:01:16","guid":{"rendered":"https:\/\/cralasabina.wordpress.com\/?page_id=3201"},"modified":"2025-06-25T14:24:03","modified_gmt":"2025-06-25T14:24:03","slug":"admision-y-matricula-2019-2020","status":"publish","type":"page","link":"https:\/\/www.cralasabina.es\/index.php\/admision-y-matricula-2019-2020\/","title":{"rendered":"Matr\u00edcula 2025-2026"},"content":{"rendered":"\n<p>Para formalizar la matr\u00edcula debemos traer la siguiente documentaci\u00f3n:<\/p>\n\n\n\n<ul>\n<li><a href=\"https:\/\/drive.google.com\/file\/d\/1pKb-xCUyCyPphShOypymKYH7yDzEQqH_\/view?usp=sharing\"><em>Impreso de Matr\u00edcula<\/em>.<\/a> (Recogida de datos)<\/li>\n\n\n\n<li><em><a href=\"https:\/\/drive.google.com\/file\/d\/1kFIo5iZ8c33UMbkEcgrgvrDWegH9sZnU\/view?usp=sharing\">Impreso  opci\u00f3n Religi\u00f3n \/ Atenci\u00f3n Educativa<\/a><\/em><\/li>\n\n\n\n<li><em><a href=\"https:\/\/drive.google.com\/file\/d\/1cBY00THgOcwnu5QRO9QqO2rODq77i1Vk\/view?usp=sharing\">Cuestionario Entrevista inicial<\/a><\/em>. (Alumnos que se matriculan en 1\u00ba Infantil)<\/li>\n\n\n\n<li>Fotocopia del Libro de Familia (todas hojas)<\/li>\n\n\n\n<li>Fotocopia Tarjeta Sanitaria.<\/li>\n\n\n\n<li>Fotocopia DNI (si tiene)<\/li>\n\n\n\n<li>Una fotograf\u00eda tama\u00f1o carnet.<\/li>\n<\/ul>\n\n\n\n<p>Cualquier duda pod\u00e9is llamar a secretar\u00eda del centro:&nbsp;<em>976167183<\/em>&nbsp;o escribir a trav\u00e9s del correo electr\u00f3nico&nbsp;<em>cralasabina@cralasabina.e<\/em>s<\/p>\n\n<div class=\"twitter-share\"><a href=\"https:\/\/twitter.com\/intent\/tweet?via=cralasabina\" class=\"twitter-share-button\">Twittear<\/a><\/div>\n","protected":false},"excerpt":{"rendered":"<p>Para formalizar la matr\u00edcula debemos traer la siguiente documentaci\u00f3n: Cualquier duda pod\u00e9is llamar a secretar\u00eda del centro:&nbsp;976167183&nbsp;o escribir a trav\u00e9s del correo electr\u00f3nico&nbsp;cralasabina@cralasabina.es<\/p>\n","protected":false},"author":1,"featured_media":0,"parent":0,"menu_order":0,"comment_status":"closed","ping_status":"closed","template":"","meta":[],"tags":[],"_links":{"self":[{"href":"https:\/\/www.cralasabina.es\/index.php\/wp-json\/wp\/v2\/pages\/3201"}],"collection":[{"href":"https:\/\/www.cralasabina.es\/index.php\/wp-json\/wp\/v2\/pages"}],"about":[{"href":"https:\/\/www.cralasabina.es\/index.php\/wp-json\/wp\/v2\/types\/page"}],"author":[{"embeddable":true,"href":"https:\/\/www.cralasabina.es\/index.php\/wp-json\/wp\/v2\/users\/1"}],"replies":[{"embeddable":true,"href":"https:\/\/www.cralasabina.es\/index.php\/wp-json\/wp\/v2\/comments?post=3201"}],"version-history":[{"count":14,"href":"https:\/\/www.cralasabina.es\/index.php\/wp-json\/wp\/v2\/pages\/3201\/revisions"}],"predecessor-version":[{"id":7029,"href":"https:\/\/www.cralasabina.es\/index.php\/wp-json\/wp\/v2\/pages\/3201\/revisions\/7029"}],"wp:attachment":[{"href":"https:\/\/www.cralasabina.es\/index.php\/wp-json\/wp\/v2\/media?parent=3201"}],"wp:term":[{"taxonomy":"post_tag","embeddable":true,"href":"https:\/\/www.cralasabina.es\/index.php\/wp-json\/wp\/v2\/tags?post=3201"}],"curies":[{"name":"wp","href":"https:\/\/api.w.org\/{rel}","templated":true}]}}