{"id":35,"date":"2013-03-08T12:48:44","date_gmt":"2013-03-08T12:48:44","guid":{"rendered":"http:\/\/cralasabina.wordpress.com\/?page_id=35"},"modified":"2025-06-30T09:37:25","modified_gmt":"2025-06-30T09:37:25","slug":"claustro","status":"publish","type":"page","link":"https:\/\/www.cralasabina.es\/index.php\/nuestro-cra\/claustro\/","title":{"rendered":"Claustro"},"content":{"rendered":"<p>El claustro est\u00e1 formado por todo el profesorado que imparte ense\u00f1anzas en el centro. Est\u00e1 compuesto por 20 maestros\/as.<\/p>\n<p>El profesorado adscrito al CRA durante el curso 2025-2026 es el siguiente:<\/p>\n<ul>\n<li>4 maestro\/as de Educaci\u00f3n Infantil.<\/li>\n<li>3 maestros\/as de Educaci\u00f3n Primaria.<\/li>\n<li>4 maestras de Ingl\u00e9s.<\/li>\n<li>2 maestros\/as de Educaci\u00f3n F\u00edsica.<\/li>\n<li>1 maestra de Religi\u00f3n.<\/li>\n<li>1 maestra de Educaci\u00f3n Musical itinerante.<\/li>\n<li>1 maestra de Educaci\u00f3n Infantil Itinerante.<\/li>\n<li>1 maestro de E. F\u00edsica Itinerante.<\/li>\n<li>1 maestra de Ingl\u00e9s Itinerante.<\/li>\n<li>1 maestra de Pedagog\u00eda Terap\u00e9utica Itinerante.<\/li>\n<li>1 maestra de Audici\u00f3n y Lenguaje Itinerante.<\/li>\n<\/ul>\n\n<div class=\"twitter-share\"><a href=\"https:\/\/twitter.com\/intent\/tweet?via=cralasabina\" class=\"twitter-share-button\">Twittear<\/a><\/div>\n","protected":false},"excerpt":{"rendered":"<p>El claustro est\u00e1 formado por todo el profesorado que imparte ense\u00f1anzas en el centro. Est\u00e1 compuesto por 20 maestros\/as. El profesorado adscrito al CRA durante el curso 2025-2026 es el siguiente: 4 maestro\/as de Educaci\u00f3n Infantil. 3 maestros\/as de Educaci\u00f3n Primaria. 4 maestras de Ingl\u00e9s. 2 maestros\/as de Educaci\u00f3n F\u00edsica. 1 maestra de Religi\u00f3n. 1&hellip; <a href=\"https:\/\/www.cralasabina.es\/index.php\/nuestro-cra\/claustro\/\" class=\"more-link\">Sigue leyendo <span class=\"screen-reader-text\">Claustro<\/span><\/a><\/p>\n","protected":false},"author":1,"featured_media":0,"parent":15,"menu_order":2,"comment_status":"closed","ping_status":"closed","template":"","meta":[],"tags":[],"_links":{"self":[{"href":"https:\/\/www.cralasabina.es\/index.php\/wp-json\/wp\/v2\/pages\/35"}],"collection":[{"href":"https:\/\/www.cralasabina.es\/index.php\/wp-json\/wp\/v2\/pages"}],"about":[{"href":"https:\/\/www.cralasabina.es\/index.php\/wp-json\/wp\/v2\/types\/page"}],"author":[{"embeddable":true,"href":"https:\/\/www.cralasabina.es\/index.php\/wp-json\/wp\/v2\/users\/1"}],"replies":[{"embeddable":true,"href":"https:\/\/www.cralasabina.es\/index.php\/wp-json\/wp\/v2\/comments?post=35"}],"version-history":[{"count":4,"href":"https:\/\/www.cralasabina.es\/index.php\/wp-json\/wp\/v2\/pages\/35\/revisions"}],"predecessor-version":[{"id":7036,"href":"https:\/\/www.cralasabina.es\/index.php\/wp-json\/wp\/v2\/pages\/35\/revisions\/7036"}],"up":[{"embeddable":true,"href":"https:\/\/www.cralasabina.es\/index.php\/wp-json\/wp\/v2\/pages\/15"}],"wp:attachment":[{"href":"https:\/\/www.cralasabina.es\/index.php\/wp-json\/wp\/v2\/media?parent=35"}],"wp:term":[{"taxonomy":"post_tag","embeddable":true,"href":"https:\/\/www.cralasabina.es\/index.php\/wp-json\/wp\/v2\/tags?post=35"}],"curies":[{"name":"wp","href":"https:\/\/api.w.org\/{rel}","templated":true}]}}